{"id":141,"date":"2018-08-10T16:01:17","date_gmt":"2018-08-10T20:01:17","guid":{"rendered":"http:\/\/www.jtainc.net\/?page_id=141"},"modified":"2019-08-01T14:31:22","modified_gmt":"2019-08-01T18:31:22","slug":"servicio","status":"publish","type":"page","link":"https:\/\/www.jtainc.net\/index.php\/servicio\/","title":{"rendered":"Servicio"},"content":{"rendered":"<h1 style=\"color: #3366cc;\"><strong>Reparaci\u00f3n y Mantenimiento<\/strong><\/h1>\n<h3 style=\"color: #3366cc;\" align=\"left\"><strong>Servicio y Reparaci\u00f3n a PC&#8217;s<\/strong><\/h3>\n<ul type=\"disc\">\n<li>Configuraci\u00f3n y Reparaci\u00f3n de PCs<\/li>\n<li>Reinstalaci\u00f3n y configuraci\u00f3n de Software<\/li>\n<li>Reparaci\u00f3n de computadores, impresoras y perif\u00e9ricos<\/li>\n<li>Actualizaci\u00f3n de Hardware<\/li>\n<li>Control y remoci\u00f3n de virus<\/li>\n<li>Recuperaci\u00f3n de informaci\u00f3n de discos da\u00f1ados<\/li>\n<li>Configuraci\u00f3n de perif\u00e9ricos y programas de comunicaciones<\/li>\n<\/ul>\n<h3 style=\"color: #3366cc;\" align=\"left\"><strong>Mantenimiento<\/strong><\/h3>\n<ul type=\"disc\">\n<li>Servicio peri\u00f3dicos de equipos<\/li>\n<li>Abonos<\/li>\n<li>Suministro, actualizaci\u00f3n e instalaci\u00f3n de accesorios<\/li>\n<li>Suministro de insumos de computaci\u00f3n<\/li>\n<li>Plan de Garant\u00eda Extendida<\/li>\n<\/ul>\n<p><a style=\"color: #ff6600;\" href=\"https:\/\/www.jtainc.net\/supportsoft.exe\">Support Software for Windows<\/a><br \/>\n<a style=\"color: #ff6600;\" href=\"https:\/\/www.jtainc.net\/supportsoft.dmg\">Support Software for Mac<\/a><\/p>\n","protected":false},"excerpt":{"rendered":"<p>Reparaci\u00f3n y Mantenimiento Servicio y Reparaci\u00f3n a PC&#8217;s Configuraci\u00f3n y Reparaci\u00f3n de PCs Reinstalaci\u00f3n y configuraci\u00f3n de Software Reparaci\u00f3n de computadores, impresoras y perif\u00e9ricos Actualizaci\u00f3n de Hardware Control y remoci\u00f3n de virus Recuperaci\u00f3n de informaci\u00f3n de discos da\u00f1ados Configuraci\u00f3n de perif\u00e9ricos y programas de comunicaciones Mantenimiento Servicio peri\u00f3dicos de equipos Abonos Suministro, actualizaci\u00f3n e instalaci\u00f3n &hellip; <\/p>\n<p class=\"link-more\"><a href=\"https:\/\/www.jtainc.net\/index.php\/servicio\/\" class=\"more-link\">Continue reading<span class=\"screen-reader-text\"> &#8220;Servicio&#8221;<\/span><\/a><\/p>\n","protected":false},"author":1,"featured_media":0,"parent":0,"menu_order":0,"comment_status":"closed","ping_status":"closed","template":"","meta":{"footnotes":""},"class_list":["post-141","page","type-page","status-publish","hentry"],"_links":{"self":[{"href":"https:\/\/www.jtainc.net\/index.php\/wp-json\/wp\/v2\/pages\/141","targetHints":{"allow":["GET"]}}],"collection":[{"href":"https:\/\/www.jtainc.net\/index.php\/wp-json\/wp\/v2\/pages"}],"about":[{"href":"https:\/\/www.jtainc.net\/index.php\/wp-json\/wp\/v2\/types\/page"}],"author":[{"embeddable":true,"href":"https:\/\/www.jtainc.net\/index.php\/wp-json\/wp\/v2\/users\/1"}],"replies":[{"embeddable":true,"href":"https:\/\/www.jtainc.net\/index.php\/wp-json\/wp\/v2\/comments?post=141"}],"version-history":[{"count":7,"href":"https:\/\/www.jtainc.net\/index.php\/wp-json\/wp\/v2\/pages\/141\/revisions"}],"predecessor-version":[{"id":143,"href":"https:\/\/www.jtainc.net\/index.php\/wp-json\/wp\/v2\/pages\/141\/revisions\/143"}],"wp:attachment":[{"href":"https:\/\/www.jtainc.net\/index.php\/wp-json\/wp\/v2\/media?parent=141"}],"curies":[{"name":"wp","href":"https:\/\/api.w.org\/{rel}","templated":true}]}}