{"id":147,"date":"2018-08-10T16:07:23","date_gmt":"2018-08-10T20:07:23","guid":{"rendered":"http:\/\/www.jtainc.net\/?page_id=147"},"modified":"2018-09-17T17:29:26","modified_gmt":"2018-09-17T21:29:26","slug":"programacion","status":"publish","type":"page","link":"https:\/\/www.jtainc.net\/index.php\/programacion\/","title":{"rendered":"Programaci\u00f3n"},"content":{"rendered":"<h1><strong style=\"color: #3366cc;\">Programaci\u00f3n, Desarrollo y Asesor\u00eda<\/strong><\/h1>\n<h3><strong style=\"color: #3366cc;\">Programaci\u00f3n y Desarrollo<\/strong><\/h3>\n<ul type=\"disc\">\n<li>Sistema de Monitoreo de Medios \u2013 Noticias y Anuncios (Comerciales)<\/li>\n<li>Sistema de Seguros M\u00e9dico Hospitalario (Procesamiento de Membres\u00eda y Reclamaciones)<\/li>\n<li>Desarrollo de Software a Medida<\/li>\n<\/ul>\n<h3><strong style=\"color: #3366cc;\">Asesoramiento<\/strong><\/h3>\n<ul type=\"disc\">\n<li>Servicios con el m\u00e1ximo respaldo de conocimientos y experiencia<\/li>\n<li>Confidencialidad absoluta sobre la informaci\u00f3n de nuestros clientes<\/li>\n<li>Integraci\u00f3n constante de tecnolog\u00edas a las ya desarrolladas.<\/li>\n<li>Control de la calidad del servicio mediante par\u00e1metros cuantificables.<\/li>\n<li>Control y asignaci\u00f3n de recursos y costos<\/li>\n<\/ul>\n","protected":false},"excerpt":{"rendered":"<p>Programaci\u00f3n, Desarrollo y Asesor\u00eda Programaci\u00f3n y Desarrollo Sistema de Monitoreo de Medios \u2013 Noticias y Anuncios (Comerciales) Sistema de Seguros M\u00e9dico Hospitalario (Procesamiento de Membres\u00eda y Reclamaciones) Desarrollo de Software a Medida Asesoramiento Servicios con el m\u00e1ximo respaldo de conocimientos y experiencia Confidencialidad absoluta sobre la informaci\u00f3n de nuestros clientes Integraci\u00f3n constante de tecnolog\u00edas a &hellip; <\/p>\n<p class=\"link-more\"><a href=\"https:\/\/www.jtainc.net\/index.php\/programacion\/\" class=\"more-link\">Continue reading<span class=\"screen-reader-text\"> &#8220;Programaci\u00f3n&#8221;<\/span><\/a><\/p>\n","protected":false},"author":1,"featured_media":0,"parent":0,"menu_order":0,"comment_status":"closed","ping_status":"closed","template":"","meta":{"footnotes":""},"class_list":["post-147","page","type-page","status-publish","hentry"],"_links":{"self":[{"href":"https:\/\/www.jtainc.net\/index.php\/wp-json\/wp\/v2\/pages\/147","targetHints":{"allow":["GET"]}}],"collection":[{"href":"https:\/\/www.jtainc.net\/index.php\/wp-json\/wp\/v2\/pages"}],"about":[{"href":"https:\/\/www.jtainc.net\/index.php\/wp-json\/wp\/v2\/types\/page"}],"author":[{"embeddable":true,"href":"https:\/\/www.jtainc.net\/index.php\/wp-json\/wp\/v2\/users\/1"}],"replies":[{"embeddable":true,"href":"https:\/\/www.jtainc.net\/index.php\/wp-json\/wp\/v2\/comments?post=147"}],"version-history":[{"count":5,"href":"https:\/\/www.jtainc.net\/index.php\/wp-json\/wp\/v2\/pages\/147\/revisions"}],"predecessor-version":[{"id":1836,"href":"https:\/\/www.jtainc.net\/index.php\/wp-json\/wp\/v2\/pages\/147\/revisions\/1836"}],"wp:attachment":[{"href":"https:\/\/www.jtainc.net\/index.php\/wp-json\/wp\/v2\/media?parent=147"}],"curies":[{"name":"wp","href":"https:\/\/api.w.org\/{rel}","templated":true}]}}