{"id":4,"date":"2017-06-13T02:23:05","date_gmt":"2017-06-13T02:23:05","guid":{"rendered":"http:\/\/jtainc.net\/wordpress\/?page_id=4"},"modified":"2024-02-20T14:47:41","modified_gmt":"2024-02-20T18:47:41","slug":"home","status":"publish","type":"page","link":"https:\/\/www.jtainc.net\/","title":{"rendered":"Home"},"content":{"rendered":"<h1 style=\"color: #3366cc;\"><strong>Joint Tech Associates<\/strong><\/h1>\n<h2 align=\"justify\">Hace m\u00e1s de <strong>40 a\u00f1os JTA Inc.<\/strong> se ha distinguido en la industria de servicios t\u00e9cnicos por la atenci\u00f3n personalizada que brinda a todos sus clientes.\u00a0 Esta atenci\u00f3n, combinada con los servicios profesionales de <strong>alta calidad<\/strong> y de bajos costos que ofrecemos, han sido clave para que nuestra compa\u00f1\u00eda se mantenga s\u00f3lida en esta industria.\u00a0 Utilizando la mejor <strong>tecnolog\u00eda<\/strong> ayudamos a resolver todo tipo de problemas relacionados a: sistemas de informaci\u00f3n, networks, mantenimiento &amp; servicio de computadoras, programaci\u00f3n,\u00a0y la\u00a0instalaci\u00f3n de todo tipo de cabler\u00eda.<\/h2>\n","protected":false},"excerpt":{"rendered":"<p>Joint Tech Associates Hace m\u00e1s de 40 a\u00f1os JTA Inc. se ha distinguido en la industria de servicios t\u00e9cnicos por la atenci\u00f3n personalizada que brinda a todos sus clientes.\u00a0 Esta atenci\u00f3n, combinada con los servicios profesionales de alta calidad y de bajos costos que ofrecemos, han sido clave para que nuestra compa\u00f1\u00eda se mantenga s\u00f3lida &hellip; <\/p>\n<p class=\"link-more\"><a href=\"https:\/\/www.jtainc.net\/\" class=\"more-link\">Continue reading<span class=\"screen-reader-text\"> &#8220;Home&#8221;<\/span><\/a><\/p>\n","protected":false},"author":1,"featured_media":0,"parent":0,"menu_order":0,"comment_status":"closed","ping_status":"closed","template":"","meta":{"footnotes":""},"class_list":["post-4","page","type-page","status-publish","hentry"],"_links":{"self":[{"href":"https:\/\/www.jtainc.net\/index.php\/wp-json\/wp\/v2\/pages\/4","targetHints":{"allow":["GET"]}}],"collection":[{"href":"https:\/\/www.jtainc.net\/index.php\/wp-json\/wp\/v2\/pages"}],"about":[{"href":"https:\/\/www.jtainc.net\/index.php\/wp-json\/wp\/v2\/types\/page"}],"author":[{"embeddable":true,"href":"https:\/\/www.jtainc.net\/index.php\/wp-json\/wp\/v2\/users\/1"}],"replies":[{"embeddable":true,"href":"https:\/\/www.jtainc.net\/index.php\/wp-json\/wp\/v2\/comments?post=4"}],"version-history":[{"count":10,"href":"https:\/\/www.jtainc.net\/index.php\/wp-json\/wp\/v2\/pages\/4\/revisions"}],"predecessor-version":[{"id":1860,"href":"https:\/\/www.jtainc.net\/index.php\/wp-json\/wp\/v2\/pages\/4\/revisions\/1860"}],"wp:attachment":[{"href":"https:\/\/www.jtainc.net\/index.php\/wp-json\/wp\/v2\/media?parent=4"}],"curies":[{"name":"wp","href":"https:\/\/api.w.org\/{rel}","templated":true}]}}